{"id":177,"date":"2023-03-29T22:43:02","date_gmt":"2023-03-29T20:43:02","guid":{"rendered":"https:\/\/montaperti-modelltechnik.de\/?page_id=177"},"modified":"2026-02-22T00:19:59","modified_gmt":"2026-02-21T23:19:59","slug":"dispatch","status":"publish","type":"page","link":"https:\/\/montaperti-modelltechnik.de\/en\/versand\/","title":{"rendered":"Shipping"},"content":{"rendered":"<div data-elementor-type=\"wp-page\" data-elementor-id=\"177\" class=\"elementor elementor-177\" data-elementor-post-type=\"page\">\n\t\t\t\t\t\t<section class=\"elementor-section elementor-top-section elementor-element elementor-element-7c98419c elementor-section-height-min-height elementor-section-items-top elementor-section-content-top elementor-section-boxed elementor-section-height-default\" data-id=\"7c98419c\" data-element_type=\"section\" data-settings=\"{&quot;jet_parallax_layout_list&quot;:[]}\">\n\t\t\t\t\t\t<div class=\"elementor-container elementor-column-gap-default\">\n\t\t\t\t\t<div class=\"elementor-column elementor-col-100 elementor-top-column elementor-element elementor-element-74294500\" data-id=\"74294500\" data-element_type=\"column\">\n\t\t\t<div class=\"elementor-widget-wrap elementor-element-populated\">\n\t\t\t\t\t\t<div class=\"elementor-element elementor-element-909d64f elementor-widget elementor-widget-heading\" data-id=\"909d64f\" data-element_type=\"widget\" data-widget_type=\"heading.default\">\n\t\t\t\t<div class=\"elementor-widget-container\">\n\t\t\t\t\t<h2 class=\"elementor-heading-title elementor-size-default\">Shipping<\/h2>\t\t\t\t<\/div>\n\t\t\t\t<\/div>\n\t\t\t\t<div class=\"elementor-element elementor-element-227d6f88 elementor-widget elementor-widget-text-editor\" data-id=\"227d6f88\" data-element_type=\"widget\" data-widget_type=\"text-editor.default\">\n\t\t\t\t<div class=\"elementor-widget-container\">\n\t\t\t\t\t\t\t\t\t<h5><strong>Within Germany:<br><\/strong><\/h5>\n<p>Standard shipping DHL parcel: 6,19 \u20ac incl. VAT.<\/p>\n<p>From a purchase value of \u20ac120.00 you will receive free shipping.&nbsp;<\/p>\n<h5><strong> Outside Germany:<br><\/strong><\/h5>\n<p><span style=\"font-weight: normal;\">Standard shipping: 16,80 \u20ac incl. VAT.<\/span><\/p>\n<p><!-- \/wp:paragraph --><!-- wp:paragraph --><\/p>\n<p>- With standard shipping via DHL incl. shipment tracking, you will receive the shipment number with the shipping confirmation by email.<\/p>\n<p>From a purchase value of \u20ac 140.00 you will receive free shipping.&nbsp;<\/p>\n<p><b style=\"font-size: 1.25rem;\">Delivery time<\/b><\/p>\n<p><!-- \/wp:paragraph --><!-- wp:paragraph --><\/p>\n<p>As most products are customised after purchase, the delivery time may vary. You will therefore find the current delivery time next to each product. Due to the availability of materials, the delivery time may be delayed. If there are any delays to your order, we will let you know in good time.<\/p>\n<p>If you have any questions about the dispatch of a current order, please use the <a title=\"Contact\" href=\"https:\/\/montaperti-modelltechnik.de\/en\/contact\/\">contact form<\/a>.<\/p>\n<p><!-- \/wp:paragraph --><\/p>\t\t\t\t\t\t\t\t<\/div>\n\t\t\t\t<\/div>\n\t\t\t\t\t<\/div>\n\t\t<\/div>\n\t\t\t\t\t<\/div>\n\t\t<\/section>\n\t\t\t\t<\/div>","protected":false},"excerpt":{"rendered":"<p>Versand Innerhalb Deutschlands: Standard Versand DHL Paket: 6,19 \u20ac inkl. Mwst. Ab einem Einkaufswert von 120,00 \u20ac erh\u00e4ltst du kostenlosen Versand.&nbsp; Au\u00dferhalb Deutschlands: Standard Versand: 16,80 \u20ac inkl. Mwst. \u2013 Bei Standard Versand \u00fcber DHL inkl. Sendungsverfolgung erh\u00e4ltst du die Sendungsnummer mit der Versandbest\u00e4tigung per Mail. Ab einem Einkaufswert von 140,00 \u20ac erh\u00e4ltst du kostenlosen [&hellip;]<\/p>\n","protected":false},"author":1,"featured_media":0,"parent":0,"menu_order":0,"comment_status":"closed","ping_status":"closed","template":"","meta":{"footnotes":"","_links_to":"","_links_to_target":""},"class_list":["post-177","page","type-page","status-publish","hentry"],"aioseo_notices":[],"_links":{"self":[{"href":"https:\/\/montaperti-modelltechnik.de\/en\/wp-json\/wp\/v2\/pages\/177","targetHints":{"allow":["GET"]}}],"collection":[{"href":"https:\/\/montaperti-modelltechnik.de\/en\/wp-json\/wp\/v2\/pages"}],"about":[{"href":"https:\/\/montaperti-modelltechnik.de\/en\/wp-json\/wp\/v2\/types\/page"}],"author":[{"embeddable":true,"href":"https:\/\/montaperti-modelltechnik.de\/en\/wp-json\/wp\/v2\/users\/1"}],"replies":[{"embeddable":true,"href":"https:\/\/montaperti-modelltechnik.de\/en\/wp-json\/wp\/v2\/comments?post=177"}],"version-history":[{"count":10,"href":"https:\/\/montaperti-modelltechnik.de\/en\/wp-json\/wp\/v2\/pages\/177\/revisions"}],"predecessor-version":[{"id":6216,"href":"https:\/\/montaperti-modelltechnik.de\/en\/wp-json\/wp\/v2\/pages\/177\/revisions\/6216"}],"wp:attachment":[{"href":"https:\/\/montaperti-modelltechnik.de\/en\/wp-json\/wp\/v2\/media?parent=177"}],"curies":[{"name":"wp","href":"https:\/\/api.w.org\/{rel}","templated":true}]}}