{"id":589,"date":"2023-04-09T16:52:40","date_gmt":"2023-04-09T14:52:40","guid":{"rendered":"https:\/\/montaperti-modelltechnik.de\/?page_id=589"},"modified":"2026-01-23T20:14:33","modified_gmt":"2026-01-23T19:14:33","slug":"about","status":"publish","type":"page","link":"https:\/\/montaperti-modelltechnik.de\/en\/ueber\/","title":{"rendered":"About"},"content":{"rendered":"<div data-elementor-type=\"wp-page\" data-elementor-id=\"589\" class=\"elementor elementor-589\" data-elementor-post-type=\"page\">\n\t\t\t\t<div class=\"elementor-element elementor-element-d8e91c4 e-flex e-con-boxed e-con e-parent\" data-id=\"d8e91c4\" data-element_type=\"container\" data-settings=\"{&quot;background_background&quot;:&quot;classic&quot;,&quot;jet_parallax_layout_list&quot;:[]}\">\n\t\t\t\t\t<div class=\"e-con-inner\">\n\t\t\t\t\t<\/div>\n\t\t\t\t<\/div>\n\t\t<div class=\"elementor-element elementor-element-fbdd383 e-flex e-con-boxed e-con e-parent\" data-id=\"fbdd383\" data-element_type=\"container\" data-settings=\"{&quot;jet_parallax_layout_list&quot;:[]}\">\n\t\t\t\t\t<div class=\"e-con-inner\">\n\t\t\t\t<div class=\"elementor-element elementor-element-c95b142 animated-slow elementor-invisible elementor-widget elementor-widget-heading\" data-id=\"c95b142\" data-element_type=\"widget\" data-settings=\"{&quot;_animation&quot;:&quot;fadeIn&quot;}\" data-widget_type=\"heading.default\">\n\t\t\t\t<div class=\"elementor-widget-container\">\n\t\t\t\t\t<h2 class=\"elementor-heading-title elementor-size-default translation-block\">Get to know <strong>Montaperti Modelltechnik<\/strong><\/h2>\t\t\t\t<\/div>\n\t\t\t\t<\/div>\n\t\t\t\t<div class=\"elementor-element elementor-element-74e30be animated-slow elementor-invisible elementor-widget elementor-widget-text-editor\" data-id=\"74e30be\" data-element_type=\"widget\" data-settings=\"{&quot;_animation&quot;:&quot;fadeIn&quot;}\" data-widget_type=\"text-editor.default\">\n\t\t\t\t<div class=\"elementor-widget-container\">\n\t\t\t\t\t\t\t\t\t<p><span data-contrast=\"auto\">Due to a passion for both large and small trains, and with an eye for fine details as a trained locomotive driver, exquisite accessories for beautiful model vehicles are designed and manufactured in Neunkirchen am Sand, located in the Middle Franconia region of Germany, to bring them closer to the original.<\/span><span data-ccp-props=\"{&quot;201341983&quot;:0,&quot;335559739&quot;:160,&quot;335559740&quot;:259}\">\u00a0<\/span><\/p><p><span data-contrast=\"auto\">Initially created for personal use, the developments soon caught the attention of other model builders.\u00a0<\/span><span data-ccp-props=\"{&quot;201341983&quot;:0,&quot;335559739&quot;:160,&quot;335559740&quot;:259}\">\u00a0<\/span><\/p><p><span data-contrast=\"auto\">After being invited as a workshop organizer to the first Spur1-Days in Mellrichstadt, located in Lower Franconia, the enthusiasm of the visitors for the developments was evident. Encouraged by the support of fantastic model builders, Montaperti Model Technology was founded with the aim of providing high-quality accessories to all model builders for their cherished pieces.<\/span><span data-ccp-props=\"{&quot;201341983&quot;:0,&quot;335559739&quot;:160,&quot;335559740&quot;:259}\">\u00a0<\/span><\/p>\t\t\t\t\t\t\t\t<\/div>\n\t\t\t\t<\/div>\n\t\t\t\t\t<\/div>\n\t\t\t\t<\/div>\n\t\t<div class=\"elementor-element elementor-element-79093a7 e-flex e-con-boxed e-con e-parent\" data-id=\"79093a7\" data-element_type=\"container\" data-settings=\"{&quot;background_background&quot;:&quot;classic&quot;,&quot;jet_parallax_layout_list&quot;:[]}\">\n\t\t\t\t\t<div class=\"e-con-inner\">\n\t\t<div class=\"elementor-element elementor-element-35aa655 e-con-full e-flex e-con e-child\" data-id=\"35aa655\" data-element_type=\"container\" data-settings=\"{&quot;jet_parallax_layout_list&quot;:[]}\">\n\t\t\t\t<div class=\"elementor-element elementor-element-38a7414 elementor-widget elementor-widget-image\" data-id=\"38a7414\" data-element_type=\"widget\" data-widget_type=\"image.default\">\n\t\t\t\t<div class=\"elementor-widget-container\">\n\t\t\t\t\t\t\t\t\t\t\t\t\t\t\t<img fetchpriority=\"high\" decoding=\"async\" width=\"1024\" height=\"768\" src=\"https:\/\/i0.wp.com\/montaperti-modelltechnik.de\/wp-content\/uploads\/2023\/06\/Thomas_Nontaperti.jpeg?fit=1024%2C768&amp;ssl=1\" class=\"attachment-full size-full wp-image-3010\" alt=\"\" srcset=\"https:\/\/i0.wp.com\/montaperti-modelltechnik.de\/wp-content\/uploads\/2023\/06\/Thomas_Nontaperti.jpeg?w=1024&amp;ssl=1 1024w, https:\/\/i0.wp.com\/montaperti-modelltechnik.de\/wp-content\/uploads\/2023\/06\/Thomas_Nontaperti.jpeg?resize=300%2C225&amp;ssl=1 300w, https:\/\/i0.wp.com\/montaperti-modelltechnik.de\/wp-content\/uploads\/2023\/06\/Thomas_Nontaperti.jpeg?resize=768%2C576&amp;ssl=1 768w, https:\/\/i0.wp.com\/montaperti-modelltechnik.de\/wp-content\/uploads\/2023\/06\/Thomas_Nontaperti.jpeg?resize=600%2C450&amp;ssl=1 600w\" sizes=\"(max-width: 800px) 100vw, 800px\" \/>\t\t\t\t\t\t\t\t\t\t\t\t\t\t\t<\/div>\n\t\t\t\t<\/div>\n\t\t\t\t<\/div>\n\t\t<div class=\"elementor-element elementor-element-b62086e e-con-full e-flex e-con e-child\" data-id=\"b62086e\" data-element_type=\"container\" data-settings=\"{&quot;jet_parallax_layout_list&quot;:[]}\">\n\t\t\t\t<div class=\"elementor-element elementor-element-2da1e0e elementor-widget elementor-widget-heading\" data-id=\"2da1e0e\" data-element_type=\"widget\" data-widget_type=\"heading.default\">\n\t\t\t\t<div class=\"elementor-widget-container\">\n\t\t\t\t\t<h2 class=\"elementor-heading-title elementor-size-default\">Thomas Montaperti<\/h2>\t\t\t\t<\/div>\n\t\t\t\t<\/div>\n\t\t\t\t<div class=\"elementor-element elementor-element-2cd8279 animated-slow elementor-invisible elementor-widget elementor-widget-text-editor\" data-id=\"2cd8279\" data-element_type=\"widget\" data-settings=\"{&quot;_animation&quot;:&quot;fadeIn&quot;}\" data-widget_type=\"text-editor.default\">\n\t\t\t\t<div class=\"elementor-widget-container\">\n\t\t\t\t\t\t\t\t\t<p><span data-contrast=\"auto\">Growing up near the railway line 5903, Nuremberg - Bayreuth, I first came into contact with model trains at the age of six. After being fascinated by the passing trains on a daily basis, I held my first Fleischmann starter set in H0 scale in my hands. I still own it to this day.<\/span><span data-ccp-props=\"{&quot;201341983&quot;:0,&quot;335559739&quot;:160,&quot;335559740&quot;:259}\">&nbsp;<\/span><\/p>\n<p><span data-contrast=\"auto\">Through a few detours, my enduring interest in trains led me to become a locomotive driver in the freight transport of Deutsche Bahn AG. How I would have loved to experience the era of the German Federal Railways...<\/span><span data-ccp-props=\"{&quot;201341983&quot;:0,&quot;335559739&quot;:160,&quot;335559740&quot;:259}\">&nbsp;<\/span><\/p>\n<p><span data-contrast=\"auto\">As a father of two young children at the time, I had to safely store away my hobby, and it wasn't until the pandemic in 2021 that I brought it out again.<\/span><span data-ccp-props=\"{&quot;201341983&quot;:0,&quot;335559739&quot;:160,&quot;335559740&quot;:259}\">&nbsp;<\/span><\/p>\n<p><span data-contrast=\"auto\">Since my childhood, I had always dreamt of having a larger scale model railway, but budget constraints and space limitations prevented it. And finally, the moment had arrived... My first starter set was in my hands...<\/span><span data-ccp-props=\"{&quot;201341983&quot;:0,&quot;335559739&quot;:160,&quot;335559740&quot;:259}\">&nbsp;<\/span><\/p>\n<p><span data-contrast=\"auto\">With the desire to bring my models even closer to the prototype, I began studying reference photos and conversion reports. It fascinated me immensely and ultimately led me here.<\/span><span data-ccp-props=\"{&quot;201341983&quot;:0,&quot;335559739&quot;:160,&quot;335559740&quot;:259}\">&nbsp;<\/span><\/p>\n<p><span data-contrast=\"auto\">Having already been involved in 3D printing out of technical interest for some time before the pandemic, it quickly became apparent that other parts should be replaced as well. The desire for further improvements with delicate accessories arose.<\/span><span data-ccp-props=\"{&quot;201341983&quot;:0,&quot;335559739&quot;:160,&quot;335559740&quot;:259}\">&nbsp;<\/span><\/p>\n<p><span data-contrast=\"auto\">As a result, I have familiarised myself more and more with my chosen design software and the ideas just keep flowing. However, as I now also work as an editor together with Ralph Zinngrebe producing the Modellbahn-Kurier special \u201eFascination Gauge 1\u201c and my family and dog also like to spend time with me, the projects are only coming bit by bit.<\/span><span data-ccp-props=\"{&quot;201341983&quot;:0,&quot;335559739&quot;:160,&quot;335559740&quot;:259}\">&nbsp;<\/span><\/p>\t\t\t\t\t\t\t\t<\/div>\n\t\t\t\t<\/div>\n\t\t\t\t<\/div>\n\t\t\t\t\t<\/div>\n\t\t\t\t<\/div>\n\t\t<div class=\"elementor-element elementor-element-c91b311 elementor-hidden-desktop elementor-hidden-tablet elementor-hidden-mobile e-flex e-con-boxed e-con e-parent\" data-id=\"c91b311\" data-element_type=\"container\" data-settings=\"{&quot;jet_parallax_layout_list&quot;:[]}\">\n\t\t\t\t\t<div class=\"e-con-inner\">\n\t\t\t\t<div class=\"elementor-element elementor-element-f6088d7 animated-slow elementor-invisible elementor-widget elementor-widget-heading\" data-id=\"f6088d7\" data-element_type=\"widget\" data-settings=\"{&quot;_animation&quot;:&quot;fadeIn&quot;}\" data-widget_type=\"heading.default\">\n\t\t\t\t<div class=\"elementor-widget-container\">\n\t\t\t\t\t<h2 class=\"elementor-heading-title elementor-size-default\"><strong>Impressions<\/strong> from production<\/h2>\t\t\t\t<\/div>\n\t\t\t\t<\/div>\n\t\t\t\t<div class=\"elementor-element elementor-element-e60eb7e elementor-widget elementor-widget-gallery\" data-id=\"e60eb7e\" data-element_type=\"widget\" data-settings=\"{&quot;gallery_layout&quot;:&quot;masonry&quot;,&quot;columns&quot;:3,&quot;lazyload&quot;:&quot;yes&quot;,&quot;columns_tablet&quot;:2,&quot;columns_mobile&quot;:1,&quot;gap&quot;:{&quot;unit&quot;:&quot;px&quot;,&quot;size&quot;:10,&quot;sizes&quot;:[]},&quot;gap_tablet&quot;:{&quot;unit&quot;:&quot;px&quot;,&quot;size&quot;:10,&quot;sizes&quot;:[]},&quot;gap_mobile&quot;:{&quot;unit&quot;:&quot;px&quot;,&quot;size&quot;:10,&quot;sizes&quot;:[]},&quot;link_to&quot;:&quot;file&quot;,&quot;overlay_background&quot;:&quot;yes&quot;,&quot;content_hover_animation&quot;:&quot;fade-in&quot;}\" data-widget_type=\"gallery.default\">\n\t\t\t\t<div class=\"elementor-widget-container\">\n\t\t\t\t\t\t\t<div class=\"elementor-gallery__container\">\n\t\t\t\t\t\t\t<a class=\"e-gallery-item elementor-gallery-item elementor-animated-content\" href=\"https:\/\/i0.wp.com\/montaperti-modelltechnik.de\/wp-content\/uploads\/2023\/03\/deleece-cook-BA87dPaI4BA-unsplash-scaled.jpg?fit=2560%2C1475&#038;ssl=1\" data-elementor-open-lightbox=\"yes\" data-elementor-lightbox-slideshow=\"e60eb7e\" data-elementor-lightbox-title=\"deleece-cook-BA87dPaI4BA-unsplash\" data-e-action-hash=\"#elementor-action%3Aaction%3Dlightbox%26settings%3DeyJpZCI6ODcsInVybCI6Imh0dHBzOlwvXC9tb250YXBlcnRpLW1vZGVsbHRlY2huaWsuZGVcL3dwLWNvbnRlbnRcL3VwbG9hZHNcLzIwMjNcLzAzXC9kZWxlZWNlLWNvb2stQkE4N2RQYUk0QkEtdW5zcGxhc2gtc2NhbGVkLmpwZyIsInNsaWRlc2hvdyI6ImU2MGViN2UifQ%3D%3D\">\n\t\t\t\t\t<div class=\"e-gallery-image elementor-gallery-item__image\" data-thumbnail=\"https:\/\/i0.wp.com\/montaperti-modelltechnik.de\/wp-content\/uploads\/2023\/03\/deleece-cook-BA87dPaI4BA-unsplash-scaled.jpg?fit=2560%2C1475&amp;ssl=1\" data-width=\"2560\" data-height=\"1475\" aria-label=\"\" role=\"img\" ><\/div>\n\t\t\t\t\t\t\t\t\t\t\t<div class=\"elementor-gallery-item__overlay\"><\/div>\n\t\t\t\t\t\t\t\t\t\t\t\t\t\t<\/a>\n\t\t\t\t\t\t\t<a class=\"e-gallery-item elementor-gallery-item elementor-animated-content\" href=\"https:\/\/i0.wp.com\/montaperti-modelltechnik.de\/wp-content\/uploads\/2023\/03\/kadir-celep-NwOeoxUY_p0-unsplash-scaled.jpg?fit=1707%2C2560&#038;ssl=1\" data-elementor-open-lightbox=\"yes\" data-elementor-lightbox-slideshow=\"e60eb7e\" data-elementor-lightbox-title=\"kadir-celep-NwOeoxUY_p0-unsplash\" data-e-action-hash=\"#elementor-action%3Aaction%3Dlightbox%26settings%3DeyJpZCI6ODgsInVybCI6Imh0dHBzOlwvXC9tb250YXBlcnRpLW1vZGVsbHRlY2huaWsuZGVcL3dwLWNvbnRlbnRcL3VwbG9hZHNcLzIwMjNcLzAzXC9rYWRpci1jZWxlcC1Od09lb3hVWV9wMC11bnNwbGFzaC1zY2FsZWQuanBnIiwic2xpZGVzaG93IjoiZTYwZWI3ZSJ9\">\n\t\t\t\t\t<div class=\"e-gallery-image elementor-gallery-item__image\" data-thumbnail=\"https:\/\/i0.wp.com\/montaperti-modelltechnik.de\/wp-content\/uploads\/2023\/03\/kadir-celep-NwOeoxUY_p0-unsplash-scaled.jpg?fit=1707%2C2560&amp;ssl=1\" data-width=\"1707\" data-height=\"2560\" aria-label=\"\" role=\"img\" ><\/div>\n\t\t\t\t\t\t\t\t\t\t\t<div class=\"elementor-gallery-item__overlay\"><\/div>\n\t\t\t\t\t\t\t\t\t\t\t\t\t\t<\/a>\n\t\t\t\t\t\t\t<a class=\"e-gallery-item elementor-gallery-item elementor-animated-content\" href=\"https:\/\/i0.wp.com\/montaperti-modelltechnik.de\/wp-content\/uploads\/2023\/04\/hoodie-with-logo-2.jpg?fit=801%2C801&#038;ssl=1\" data-elementor-open-lightbox=\"yes\" data-elementor-lightbox-slideshow=\"e60eb7e\" data-elementor-lightbox-title=\"hoodie-with-logo-2.jpg\" data-e-action-hash=\"#elementor-action%3Aaction%3Dlightbox%26settings%3DeyJpZCI6MjE0LCJ1cmwiOiJodHRwczpcL1wvbW9udGFwZXJ0aS1tb2RlbGx0ZWNobmlrLmRlXC93cC1jb250ZW50XC91cGxvYWRzXC8yMDIzXC8wNFwvaG9vZGllLXdpdGgtbG9nby0yLmpwZyIsInNsaWRlc2hvdyI6ImU2MGViN2UifQ%3D%3D\">\n\t\t\t\t\t<div class=\"e-gallery-image elementor-gallery-item__image\" data-thumbnail=\"https:\/\/i0.wp.com\/montaperti-modelltechnik.de\/wp-content\/uploads\/2023\/04\/hoodie-with-logo-2.jpg?fit=801%2C801&amp;ssl=1\" data-width=\"801\" data-height=\"801\" aria-label=\"\" role=\"img\" ><\/div>\n\t\t\t\t\t\t\t\t\t\t\t<div class=\"elementor-gallery-item__overlay\"><\/div>\n\t\t\t\t\t\t\t\t\t\t\t\t\t\t<\/a>\n\t\t\t\t\t\t\t<a class=\"e-gallery-item elementor-gallery-item elementor-animated-content\" href=\"https:\/\/i0.wp.com\/montaperti-modelltechnik.de\/wp-content\/uploads\/2023\/04\/websiteplanet-dummy-540X4003.png?fit=540%2C400&#038;ssl=1\" data-elementor-open-lightbox=\"yes\" data-elementor-lightbox-slideshow=\"e60eb7e\" data-elementor-lightbox-title=\"websiteplanet-dummy-540X400(3)\" data-e-action-hash=\"#elementor-action%3Aaction%3Dlightbox%26settings%3DeyJpZCI6OTEyLCJ1cmwiOiJodHRwczpcL1wvbW9udGFwZXJ0aS1tb2RlbGx0ZWNobmlrLmRlXC93cC1jb250ZW50XC91cGxvYWRzXC8yMDIzXC8wNFwvd2Vic2l0ZXBsYW5ldC1kdW1teS01NDBYNDAwMy5wbmciLCJzbGlkZXNob3ciOiJlNjBlYjdlIn0%3D\">\n\t\t\t\t\t<div class=\"e-gallery-image elementor-gallery-item__image\" data-thumbnail=\"https:\/\/i0.wp.com\/montaperti-modelltechnik.de\/wp-content\/uploads\/2023\/04\/websiteplanet-dummy-540X4003.png?fit=540%2C400&amp;ssl=1\" data-width=\"540\" data-height=\"400\" aria-label=\"\" role=\"img\" ><\/div>\n\t\t\t\t\t\t\t\t\t\t\t<div class=\"elementor-gallery-item__overlay\"><\/div>\n\t\t\t\t\t\t\t\t\t\t\t\t\t\t<\/a>\n\t\t\t\t\t\t\t<a class=\"e-gallery-item elementor-gallery-item elementor-animated-content\" href=\"https:\/\/i0.wp.com\/montaperti-modelltechnik.de\/wp-content\/uploads\/2023\/03\/tom-claes-mNVh70d9zUU-unsplash-scaled.jpg?fit=1707%2C2560&#038;ssl=1\" data-elementor-open-lightbox=\"yes\" data-elementor-lightbox-slideshow=\"e60eb7e\" data-elementor-lightbox-title=\"tom-claes-mNVh70d9zUU-unsplash\" data-e-action-hash=\"#elementor-action%3Aaction%3Dlightbox%26settings%3DeyJpZCI6ODksInVybCI6Imh0dHBzOlwvXC9tb250YXBlcnRpLW1vZGVsbHRlY2huaWsuZGVcL3dwLWNvbnRlbnRcL3VwbG9hZHNcLzIwMjNcLzAzXC90b20tY2xhZXMtbU5WaDcwZDl6VVUtdW5zcGxhc2gtc2NhbGVkLmpwZyIsInNsaWRlc2hvdyI6ImU2MGViN2UifQ%3D%3D\">\n\t\t\t\t\t<div class=\"e-gallery-image elementor-gallery-item__image\" data-thumbnail=\"https:\/\/i0.wp.com\/montaperti-modelltechnik.de\/wp-content\/uploads\/2023\/03\/tom-claes-mNVh70d9zUU-unsplash-scaled.jpg?fit=1707%2C2560&amp;ssl=1\" data-width=\"1707\" data-height=\"2560\" aria-label=\"\" role=\"img\" ><\/div>\n\t\t\t\t\t\t\t\t\t\t\t<div class=\"elementor-gallery-item__overlay\"><\/div>\n\t\t\t\t\t\t\t\t\t\t\t\t\t\t<\/a>\n\t\t\t\t\t\t\t<a class=\"e-gallery-item elementor-gallery-item elementor-animated-content\" href=\"https:\/\/i0.wp.com\/montaperti-modelltechnik.de\/wp-content\/uploads\/2023\/04\/dummy_600x400_ffffff_003e5c_product.png?fit=600%2C400&#038;ssl=1\" data-elementor-open-lightbox=\"yes\" data-elementor-lightbox-slideshow=\"e60eb7e\" data-elementor-lightbox-title=\"dummy_600x400_ffffff_003e5c_product\" data-e-action-hash=\"#elementor-action%3Aaction%3Dlightbox%26settings%3DeyJpZCI6OTE3LCJ1cmwiOiJodHRwczpcL1wvbW9udGFwZXJ0aS1tb2RlbGx0ZWNobmlrLmRlXC93cC1jb250ZW50XC91cGxvYWRzXC8yMDIzXC8wNFwvZHVtbXlfNjAweDQwMF9mZmZmZmZfMDAzZTVjX3Byb2R1Y3QucG5nIiwic2xpZGVzaG93IjoiZTYwZWI3ZSJ9\">\n\t\t\t\t\t<div class=\"e-gallery-image elementor-gallery-item__image\" data-thumbnail=\"https:\/\/i0.wp.com\/montaperti-modelltechnik.de\/wp-content\/uploads\/2023\/04\/dummy_600x400_ffffff_003e5c_product.png?fit=600%2C400&amp;ssl=1\" data-width=\"600\" data-height=\"400\" aria-label=\"\" role=\"img\" ><\/div>\n\t\t\t\t\t\t\t\t\t\t\t<div class=\"elementor-gallery-item__overlay\"><\/div>\n\t\t\t\t\t\t\t\t\t\t\t\t\t\t<\/a>\n\t\t\t\t\t\t\t<a class=\"e-gallery-item elementor-gallery-item elementor-animated-content\" href=\"https:\/\/i0.wp.com\/montaperti-modelltechnik.de\/wp-content\/uploads\/2023\/04\/websiteplanet-dummy-540X4002.png?fit=540%2C400&#038;ssl=1\" data-elementor-open-lightbox=\"yes\" data-elementor-lightbox-slideshow=\"e60eb7e\" data-elementor-lightbox-title=\"websiteplanet-dummy-540X400(2)\" data-e-action-hash=\"#elementor-action%3Aaction%3Dlightbox%26settings%3DeyJpZCI6OTA4LCJ1cmwiOiJodHRwczpcL1wvbW9udGFwZXJ0aS1tb2RlbGx0ZWNobmlrLmRlXC93cC1jb250ZW50XC91cGxvYWRzXC8yMDIzXC8wNFwvd2Vic2l0ZXBsYW5ldC1kdW1teS01NDBYNDAwMi5wbmciLCJzbGlkZXNob3ciOiJlNjBlYjdlIn0%3D\">\n\t\t\t\t\t<div class=\"e-gallery-image elementor-gallery-item__image\" data-thumbnail=\"https:\/\/i0.wp.com\/montaperti-modelltechnik.de\/wp-content\/uploads\/2023\/04\/websiteplanet-dummy-540X4002.png?fit=540%2C400&amp;ssl=1\" data-width=\"540\" data-height=\"400\" aria-label=\"\" role=\"img\" ><\/div>\n\t\t\t\t\t\t\t\t\t\t\t<div class=\"elementor-gallery-item__overlay\"><\/div>\n\t\t\t\t\t\t\t\t\t\t\t\t\t\t<\/a>\n\t\t\t\t\t<\/div>\n\t\t\t\t\t<\/div>\n\t\t\t\t<\/div>\n\t\t\t\t\t<\/div>\n\t\t\t\t<\/div>\n\t\t\t\t<\/div>","protected":false},"excerpt":{"rendered":"<p>Das ist Montaperti Modelltechnik Aufgrund der Liebe zur gro\u00dfen und kleinen Bahn und mit einem Auge als gelernter Lokf\u00fchrer f\u00fcr sehr feine Details, werden im mittelfr\u00e4nkischen Neunkirchen am Sand feine Zur\u00fcstteile f\u00fcr sch\u00f6ne Modellfahrzeuge entwickelt und gefertigt, um diese noch n\u00e4her an das Original zu bringen.\u00a0 Anf\u00e4nglich nur f\u00fcr den Eigenbedarf, wurden bald auch weitere [&hellip;]<\/p>\n","protected":false},"author":1,"featured_media":0,"parent":0,"menu_order":0,"comment_status":"closed","ping_status":"closed","template":"","meta":{"footnotes":"","_links_to":"","_links_to_target":""},"class_list":["post-589","page","type-page","status-publish","hentry"],"aioseo_notices":[],"_links":{"self":[{"href":"https:\/\/montaperti-modelltechnik.de\/en\/wp-json\/wp\/v2\/pages\/589","targetHints":{"allow":["GET"]}}],"collection":[{"href":"https:\/\/montaperti-modelltechnik.de\/en\/wp-json\/wp\/v2\/pages"}],"about":[{"href":"https:\/\/montaperti-modelltechnik.de\/en\/wp-json\/wp\/v2\/types\/page"}],"author":[{"embeddable":true,"href":"https:\/\/montaperti-modelltechnik.de\/en\/wp-json\/wp\/v2\/users\/1"}],"replies":[{"embeddable":true,"href":"https:\/\/montaperti-modelltechnik.de\/en\/wp-json\/wp\/v2\/comments?post=589"}],"version-history":[{"count":10,"href":"https:\/\/montaperti-modelltechnik.de\/en\/wp-json\/wp\/v2\/pages\/589\/revisions"}],"predecessor-version":[{"id":6197,"href":"https:\/\/montaperti-modelltechnik.de\/en\/wp-json\/wp\/v2\/pages\/589\/revisions\/6197"}],"wp:attachment":[{"href":"https:\/\/montaperti-modelltechnik.de\/en\/wp-json\/wp\/v2\/media?parent=589"}],"curies":[{"name":"wp","href":"https:\/\/api.w.org\/{rel}","templated":true}]}}